{"id":12,"date":"2020-02-28T15:53:28","date_gmt":"2020-02-28T14:53:28","guid":{"rendered":"http:\/\/kfz-service-ffb.de\/?page_id=12"},"modified":"2020-03-06T16:50:22","modified_gmt":"2020-03-06T15:50:22","slug":"kontakt","status":"publish","type":"page","link":"https:\/\/kfz-service-ffb.de\/?page_id=12","title":{"rendered":"Kontakt"},"content":{"rendered":"\t\t<div data-elementor-type=\"wp-page\" data-elementor-id=\"12\" class=\"elementor elementor-12\">\n\t\t\t\t\t\t<section class=\"elementor-section elementor-top-section elementor-element elementor-element-3c60be7 elementor-section-boxed elementor-section-height-default elementor-section-height-default\" data-id=\"3c60be7\" data-element_type=\"section\" data-e-type=\"section\">\n\t\t\t\t\t\t<div class=\"elementor-container elementor-column-gap-default\">\n\t\t\t\t\t<div class=\"elementor-column elementor-col-33 elementor-top-column elementor-element elementor-element-37a302a\" data-id=\"37a302a\" data-element_type=\"column\" data-e-type=\"column\">\n\t\t\t<div class=\"elementor-widget-wrap elementor-element-populated\">\n\t\t\t\t\t\t<div class=\"elementor-element elementor-element-5b9491e elementor-widget elementor-widget-text-editor\" data-id=\"5b9491e\" data-element_type=\"widget\" data-e-type=\"widget\" data-widget_type=\"text-editor.default\">\n\t\t\t\t<div class=\"elementor-widget-container\">\n\t\t\t\t\t\t\t\t\t<p>Kreuzer &amp; Klaus KFZ Service<br \/>Jochen Kreuzer-Zeyer<br \/>An der Leiten 1<br \/>82290 Landsberied<strong><br \/><\/strong><\/p>\t\t\t\t\t\t\t\t<\/div>\n\t\t\t\t<\/div>\n\t\t\t\t\t<\/div>\n\t\t<\/div>\n\t\t\t\t<div class=\"elementor-column elementor-col-33 elementor-top-column elementor-element elementor-element-c2bc717\" data-id=\"c2bc717\" data-element_type=\"column\" data-e-type=\"column\">\n\t\t\t<div class=\"elementor-widget-wrap elementor-element-populated\">\n\t\t\t\t\t\t<div class=\"elementor-element elementor-element-0e0b8c9 elementor-widget elementor-widget-text-editor\" data-id=\"0e0b8c9\" data-element_type=\"widget\" data-e-type=\"widget\" data-widget_type=\"text-editor.default\">\n\t\t\t\t<div class=\"elementor-widget-container\">\n\t\t\t\t\t\t\t\t\t<p>Rufen Sie uns bitte an, wenn Sie kurzfristig einen Termin vereinbaren m\u00f6chten, es ist einfacher s\u00e4mtliche relevanten Informationen im Gespr\u00e4ch abzufragen.<\/p>\t\t\t\t\t\t\t\t<\/div>\n\t\t\t\t<\/div>\n\t\t\t\t\t<\/div>\n\t\t<\/div>\n\t\t\t\t<div class=\"elementor-column elementor-col-33 elementor-top-column elementor-element elementor-element-b9e954a\" data-id=\"b9e954a\" data-element_type=\"column\" data-e-type=\"column\">\n\t\t\t<div class=\"elementor-widget-wrap elementor-element-populated\">\n\t\t\t\t\t\t<div class=\"elementor-element elementor-element-51c7c68 elementor-position-left elementor-vertical-align-middle elementor-widget elementor-widget-image-box\" data-id=\"51c7c68\" data-element_type=\"widget\" data-e-type=\"widget\" data-widget_type=\"image-box.default\">\n\t\t\t\t<div class=\"elementor-widget-container\">\n\t\t\t\t\t<div class=\"elementor-image-box-wrapper\"><figure class=\"elementor-image-box-img\"><img decoding=\"async\" width=\"198\" height=\"196\" src=\"https:\/\/kfz-service-ffb.de\/wp-content\/uploads\/2020\/02\/telefon.jpg\" class=\"attachment-full size-full wp-image-62\" alt=\"\" \/><\/figure><div class=\"elementor-image-box-content\"><h3 class=\"elementor-image-box-title\">0 81 41 - 22 74 64<\/h3><\/div><\/div>\t\t\t\t<\/div>\n\t\t\t\t<\/div>\n\t\t\t\t\t<\/div>\n\t\t<\/div>\n\t\t\t\t\t<\/div>\n\t\t<\/section>\n\t\t\t\t<section class=\"elementor-section elementor-top-section elementor-element elementor-element-353227a elementor-section-boxed elementor-section-height-default elementor-section-height-default\" data-id=\"353227a\" data-element_type=\"section\" data-e-type=\"section\">\n\t\t\t\t\t\t<div class=\"elementor-container elementor-column-gap-default\">\n\t\t\t\t\t<div class=\"elementor-column elementor-col-100 elementor-top-column elementor-element elementor-element-b868067\" data-id=\"b868067\" data-element_type=\"column\" data-e-type=\"column\">\n\t\t\t<div class=\"elementor-widget-wrap elementor-element-populated\">\n\t\t\t\t\t\t<div class=\"elementor-element elementor-element-9f1e79f elementor-widget elementor-widget-heading\" data-id=\"9f1e79f\" data-element_type=\"widget\" data-e-type=\"widget\" data-widget_type=\"heading.default\">\n\t\t\t\t<div class=\"elementor-widget-container\">\n\t\t\t\t\t<h5 class=\"elementor-heading-title elementor-size-default\">Kontakt per E-Mail:<\/h5>\t\t\t\t<\/div>\n\t\t\t\t<\/div>\n\t\t\t\t\t<\/div>\n\t\t<\/div>\n\t\t\t\t\t<\/div>\n\t\t<\/section>\n\t\t\t\t<section class=\"elementor-section elementor-top-section elementor-element elementor-element-d486a7d elementor-section-boxed elementor-section-height-default elementor-section-height-default\" data-id=\"d486a7d\" data-element_type=\"section\" data-e-type=\"section\">\n\t\t\t\t\t\t<div class=\"elementor-container elementor-column-gap-default\">\n\t\t\t\t\t<div class=\"elementor-column elementor-col-50 elementor-top-column elementor-element elementor-element-9cbac8e\" data-id=\"9cbac8e\" data-element_type=\"column\" data-e-type=\"column\">\n\t\t\t<div class=\"elementor-widget-wrap elementor-element-populated\">\n\t\t\t\t\t\t<div class=\"elementor-element elementor-element-4f89dd5 elementor-widget elementor-widget-html\" data-id=\"4f89dd5\" data-element_type=\"widget\" data-e-type=\"widget\" data-widget_type=\"html.default\">\n\t\t\t\t<div class=\"elementor-widget-container\">\n\t\t\t\t\t\n<div class=\"wpcf7 no-js\" id=\"wpcf7-f36-o1\" lang=\"de-DE\" dir=\"ltr\" data-wpcf7-id=\"36\">\n<div class=\"screen-reader-response\"><p role=\"status\" aria-live=\"polite\" aria-atomic=\"true\"><\/p> <ul><\/ul><\/div>\n<form action=\"\/index.php?rest_route=%2Fwp%2Fv2%2Fpages%2F12#wpcf7-f36-o1\" method=\"post\" class=\"wpcf7-form init\" aria-label=\"Kontaktformular\" novalidate=\"novalidate\" data-status=\"init\">\n<fieldset class=\"hidden-fields-container\"><input type=\"hidden\" name=\"_wpcf7\" value=\"36\" \/><input type=\"hidden\" name=\"_wpcf7_version\" value=\"6.1.5\" \/><input type=\"hidden\" name=\"_wpcf7_locale\" value=\"de_DE\" \/><input type=\"hidden\" name=\"_wpcf7_unit_tag\" value=\"wpcf7-f36-o1\" \/><input type=\"hidden\" name=\"_wpcf7_container_post\" value=\"0\" \/><input type=\"hidden\" name=\"_wpcf7_posted_data_hash\" value=\"\" \/>\n<\/fieldset>\n<p><label> Ihr Name (Pflichtfeld)<br \/>\n<span class=\"wpcf7-form-control-wrap\" data-name=\"your-name\"><input size=\"40\" maxlength=\"400\" class=\"wpcf7-form-control wpcf7-text wpcf7-validates-as-required\" aria-required=\"true\" aria-invalid=\"false\" value=\"\" type=\"text\" name=\"your-name\" \/><\/span> <\/label>\n<\/p>\n<p><label> Ihre E-Mail-Adresse (Pflichtfeld)<br \/>\n<span class=\"wpcf7-form-control-wrap\" data-name=\"your-email\"><input size=\"40\" maxlength=\"400\" class=\"wpcf7-form-control wpcf7-email wpcf7-validates-as-required wpcf7-text wpcf7-validates-as-email\" aria-required=\"true\" aria-invalid=\"false\" value=\"\" type=\"email\" name=\"your-email\" \/><\/span> <\/label>\n<\/p>\n<p><label> Betreff<br \/>\n<span class=\"wpcf7-form-control-wrap\" data-name=\"your-subject\"><input size=\"40\" maxlength=\"400\" class=\"wpcf7-form-control wpcf7-text\" aria-invalid=\"false\" value=\"\" type=\"text\" name=\"your-subject\" \/><\/span> <\/label>\n<\/p>\n<p><label> Ihre Nachricht<br \/>\n<span class=\"wpcf7-form-control-wrap\" data-name=\"your-message\"><textarea cols=\"40\" rows=\"10\" maxlength=\"2000\" class=\"wpcf7-form-control wpcf7-textarea\" aria-invalid=\"false\" name=\"your-message\"><\/textarea><\/span> <\/label>\n<\/p>\n<p><input class=\"wpcf7-form-control wpcf7-submit has-spinner\" type=\"submit\" value=\"Senden\" \/>\n<\/p><div class=\"wpcf7-response-output\" aria-hidden=\"true\"><\/div>\n<\/form>\n<\/div>\n\t\t\t\t<\/div>\n\t\t\t\t<\/div>\n\t\t\t\t\t<\/div>\n\t\t<\/div>\n\t\t\t\t<div class=\"elementor-column elementor-col-25 elementor-top-column elementor-element elementor-element-d8bd1c5\" data-id=\"d8bd1c5\" data-element_type=\"column\" data-e-type=\"column\">\n\t\t\t<div class=\"elementor-widget-wrap elementor-element-populated\">\n\t\t\t\t\t\t<div class=\"elementor-element elementor-element-41679f2 elementor-widget elementor-widget-heading\" data-id=\"41679f2\" data-element_type=\"widget\" data-e-type=\"widget\" data-widget_type=\"heading.default\">\n\t\t\t\t<div class=\"elementor-widget-container\">\n\t\t\t\t\t<h6 class=\"elementor-heading-title elementor-size-default\">So finden Sie uns<\/h6>\t\t\t\t<\/div>\n\t\t\t\t<\/div>\n\t\t\t\t<div class=\"elementor-element elementor-element-3069bf8 elementor-widget elementor-widget-html\" data-id=\"3069bf8\" data-element_type=\"widget\" data-e-type=\"widget\" data-widget_type=\"html.default\">\n\t\t\t\t<div class=\"elementor-widget-container\">\n\t\t\t\t\t<iframe width=\"225\" height=\"250\" frameborder=\"0\" scrolling=\"no\" marginheight=\"0\" marginwidth=\"0\" src=\"https:\/\/www.openstreetmap.org\/export\/embed.html?bbox=11.16685152053833%2C48.1640244926387%2C11.18062734603882%2C48.171366164867166&amp;layer=mapnik&amp;marker=48.16769546012316%2C11.173739433288574\" style=\"border: 1px solid black\"><\/iframe><br\/><small><a href=\"https:\/\/www.openstreetmap.org\/?mlat=48.16770&amp;mlon=11.17374#map=17\/48.16770\/11.17374\">Gr\u00f6\u00dfere Karte anzeigen<\/a><\/small>\t\t\t\t<\/div>\n\t\t\t\t<\/div>\n\t\t\t\t\t<\/div>\n\t\t<\/div>\n\t\t\t\t<div class=\"elementor-column elementor-col-25 elementor-top-column elementor-element elementor-element-cb6d599\" data-id=\"cb6d599\" data-element_type=\"column\" data-e-type=\"column\">\n\t\t\t<div class=\"elementor-widget-wrap\">\n\t\t\t\t\t\t\t<\/div>\n\t\t<\/div>\n\t\t\t\t\t<\/div>\n\t\t<\/section>\n\t\t\t\t<\/div>\n\t\t","protected":false},"excerpt":{"rendered":"<p>Kreuzer &amp; Klaus KFZ ServiceJochen Kreuzer-ZeyerAn der Leiten 182290 Landsberied Rufen Sie uns bitte an, wenn Sie kurzfristig einen Termin vereinbaren m\u00f6chten, es ist einfacher s\u00e4mtliche relevanten Informationen im Gespr\u00e4ch abzufragen. 0 81 41 &#8211; 22 74 64 Kontakt per E-Mail: So finden Sie uns Gr\u00f6\u00dfere Karte anzeigen<\/p>\n","protected":false},"author":1,"featured_media":0,"parent":0,"menu_order":0,"comment_status":"closed","ping_status":"closed","template":"","meta":{"site-sidebar-layout":"no-sidebar","site-content-layout":"page-builder","ast-site-content-layout":"default","site-content-style":"default","site-sidebar-style":"default","ast-global-header-display":"","ast-banner-title-visibility":"","ast-main-header-display":"","ast-hfb-above-header-display":"","ast-hfb-below-header-display":"","ast-hfb-mobile-header-display":"","site-post-title":"disabled","ast-breadcrumbs-content":"","ast-featured-img":"disabled","footer-sml-layout":"","ast-disable-related-posts":"","theme-transparent-header-meta":"","adv-header-id-meta":"","stick-header-meta":"","header-above-stick-meta":"","header-main-stick-meta":"","header-below-stick-meta":"","astra-migrate-meta-layouts":"default","ast-page-background-enabled":"default","ast-page-background-meta":{"desktop":{"background-color":"","background-image":"","background-repeat":"repeat","background-position":"center center","background-size":"auto","background-attachment":"scroll","background-type":"","background-media":"","overlay-type":"","overlay-color":"","overlay-opacity":"","overlay-gradient":""},"tablet":{"background-color":"","background-image":"","background-repeat":"repeat","background-position":"center center","background-size":"auto","background-attachment":"scroll","background-type":"","background-media":"","overlay-type":"","overlay-color":"","overlay-opacity":"","overlay-gradient":""},"mobile":{"background-color":"","background-image":"","background-repeat":"repeat","background-position":"center center","background-size":"auto","background-attachment":"scroll","background-type":"","background-media":"","overlay-type":"","overlay-color":"","overlay-opacity":"","overlay-gradient":""}},"ast-content-background-meta":{"desktop":{"background-color":"var(--ast-global-color-5)","background-image":"","background-repeat":"repeat","background-position":"center center","background-size":"auto","background-attachment":"scroll","background-type":"","background-media":"","overlay-type":"","overlay-color":"","overlay-opacity":"","overlay-gradient":""},"tablet":{"background-color":"var(--ast-global-color-5)","background-image":"","background-repeat":"repeat","background-position":"center center","background-size":"auto","background-attachment":"scroll","background-type":"","background-media":"","overlay-type":"","overlay-color":"","overlay-opacity":"","overlay-gradient":""},"mobile":{"background-color":"var(--ast-global-color-5)","background-image":"","background-repeat":"repeat","background-position":"center center","background-size":"auto","background-attachment":"scroll","background-type":"","background-media":"","overlay-type":"","overlay-color":"","overlay-opacity":"","overlay-gradient":""}},"footnotes":""},"class_list":["post-12","page","type-page","status-publish","hentry"],"yoast_head":"<!-- This site is optimized with the Yoast SEO plugin v27.5 - https:\/\/yoast.com\/product\/yoast-seo-wordpress\/ -->\n<title>Kontakt - Kreuzer &amp; Klaus KFZ-Service<\/title>\n<meta name=\"robots\" content=\"index, follow, max-snippet:-1, max-image-preview:large, max-video-preview:-1\" \/>\n<link rel=\"canonical\" href=\"https:\/\/kfz-service-ffb.de\/?page_id=12\" \/>\n<meta property=\"og:locale\" content=\"de_DE\" \/>\n<meta property=\"og:type\" content=\"article\" \/>\n<meta property=\"og:title\" content=\"Kontakt - Kreuzer &amp; Klaus KFZ-Service\" \/>\n<meta property=\"og:description\" content=\"Kreuzer &amp; Klaus KFZ ServiceJochen Kreuzer-ZeyerAn der Leiten 182290 Landsberied Rufen Sie uns bitte an, wenn Sie kurzfristig einen Termin vereinbaren m\u00f6chten, es ist einfacher s\u00e4mtliche relevanten Informationen im Gespr\u00e4ch abzufragen. 0 81 41 &#8211; 22 74 64 Kontakt per E-Mail: So finden Sie uns Gr\u00f6\u00dfere Karte anzeigen\" \/>\n<meta property=\"og:url\" content=\"https:\/\/kfz-service-ffb.de\/?page_id=12\" \/>\n<meta property=\"og:site_name\" content=\"Kreuzer &amp; Klaus KFZ-Service\" \/>\n<meta property=\"article:modified_time\" content=\"2020-03-06T15:50:22+00:00\" \/>\n<meta property=\"og:image\" content=\"http:\/\/kfz-service-ffb.de\/wp-content\/uploads\/2020\/02\/telefon.jpg\" \/>\n<meta name=\"twitter:card\" content=\"summary_large_image\" \/>\n<script type=\"application\/ld+json\" class=\"yoast-schema-graph\">{\"@context\":\"https:\\\/\\\/schema.org\",\"@graph\":[{\"@type\":\"WebPage\",\"@id\":\"https:\\\/\\\/kfz-service-ffb.de\\\/?page_id=12\",\"url\":\"https:\\\/\\\/kfz-service-ffb.de\\\/?page_id=12\",\"name\":\"Kontakt - Kreuzer &amp; Klaus KFZ-Service\",\"isPartOf\":{\"@id\":\"https:\\\/\\\/kfz-service-ffb.de\\\/#website\"},\"primaryImageOfPage\":{\"@id\":\"https:\\\/\\\/kfz-service-ffb.de\\\/?page_id=12#primaryimage\"},\"image\":{\"@id\":\"https:\\\/\\\/kfz-service-ffb.de\\\/?page_id=12#primaryimage\"},\"thumbnailUrl\":\"http:\\\/\\\/kfz-service-ffb.de\\\/wp-content\\\/uploads\\\/2020\\\/02\\\/telefon.jpg\",\"datePublished\":\"2020-02-28T14:53:28+00:00\",\"dateModified\":\"2020-03-06T15:50:22+00:00\",\"breadcrumb\":{\"@id\":\"https:\\\/\\\/kfz-service-ffb.de\\\/?page_id=12#breadcrumb\"},\"inLanguage\":\"de\",\"potentialAction\":[{\"@type\":\"ReadAction\",\"target\":[\"https:\\\/\\\/kfz-service-ffb.de\\\/?page_id=12\"]}]},{\"@type\":\"ImageObject\",\"inLanguage\":\"de\",\"@id\":\"https:\\\/\\\/kfz-service-ffb.de\\\/?page_id=12#primaryimage\",\"url\":\"https:\\\/\\\/kfz-service-ffb.de\\\/wp-content\\\/uploads\\\/2020\\\/02\\\/telefon.jpg\",\"contentUrl\":\"https:\\\/\\\/kfz-service-ffb.de\\\/wp-content\\\/uploads\\\/2020\\\/02\\\/telefon.jpg\",\"width\":198,\"height\":196},{\"@type\":\"BreadcrumbList\",\"@id\":\"https:\\\/\\\/kfz-service-ffb.de\\\/?page_id=12#breadcrumb\",\"itemListElement\":[{\"@type\":\"ListItem\",\"position\":1,\"name\":\"Startseite\",\"item\":\"https:\\\/\\\/kfz-service-ffb.de\\\/\"},{\"@type\":\"ListItem\",\"position\":2,\"name\":\"Kontakt\"}]},{\"@type\":\"WebSite\",\"@id\":\"https:\\\/\\\/kfz-service-ffb.de\\\/#website\",\"url\":\"https:\\\/\\\/kfz-service-ffb.de\\\/\",\"name\":\"Kreuzer &amp; Klaus KFZ-Service\",\"description\":\"Reparatur und Service f\u00fcr alle Auto Marken\",\"publisher\":{\"@id\":\"https:\\\/\\\/kfz-service-ffb.de\\\/#organization\"},\"potentialAction\":[{\"@type\":\"SearchAction\",\"target\":{\"@type\":\"EntryPoint\",\"urlTemplate\":\"https:\\\/\\\/kfz-service-ffb.de\\\/?s={search_term_string}\"},\"query-input\":{\"@type\":\"PropertyValueSpecification\",\"valueRequired\":true,\"valueName\":\"search_term_string\"}}],\"inLanguage\":\"de\"},{\"@type\":\"Organization\",\"@id\":\"https:\\\/\\\/kfz-service-ffb.de\\\/#organization\",\"name\":\"Kreuzer & Klaus Kfz-Service\",\"url\":\"https:\\\/\\\/kfz-service-ffb.de\\\/\",\"logo\":{\"@type\":\"ImageObject\",\"inLanguage\":\"de\",\"@id\":\"https:\\\/\\\/kfz-service-ffb.de\\\/#\\\/schema\\\/logo\\\/image\\\/\",\"url\":\"https:\\\/\\\/kfz-service-ffb.de\\\/wp-content\\\/uploads\\\/2020\\\/02\\\/KK-logo-blau-rot_250.jpg\",\"contentUrl\":\"https:\\\/\\\/kfz-service-ffb.de\\\/wp-content\\\/uploads\\\/2020\\\/02\\\/KK-logo-blau-rot_250.jpg\",\"width\":250,\"height\":115,\"caption\":\"Kreuzer & Klaus Kfz-Service\"},\"image\":{\"@id\":\"https:\\\/\\\/kfz-service-ffb.de\\\/#\\\/schema\\\/logo\\\/image\\\/\"}}]}<\/script>\n<!-- \/ Yoast SEO plugin. -->","yoast_head_json":{"title":"Kontakt - Kreuzer &amp; Klaus KFZ-Service","robots":{"index":"index","follow":"follow","max-snippet":"max-snippet:-1","max-image-preview":"max-image-preview:large","max-video-preview":"max-video-preview:-1"},"canonical":"https:\/\/kfz-service-ffb.de\/?page_id=12","og_locale":"de_DE","og_type":"article","og_title":"Kontakt - Kreuzer &amp; Klaus KFZ-Service","og_description":"Kreuzer &amp; Klaus KFZ ServiceJochen Kreuzer-ZeyerAn der Leiten 182290 Landsberied Rufen Sie uns bitte an, wenn Sie kurzfristig einen Termin vereinbaren m\u00f6chten, es ist einfacher s\u00e4mtliche relevanten Informationen im Gespr\u00e4ch abzufragen. 0 81 41 &#8211; 22 74 64 Kontakt per E-Mail: So finden Sie uns Gr\u00f6\u00dfere Karte anzeigen","og_url":"https:\/\/kfz-service-ffb.de\/?page_id=12","og_site_name":"Kreuzer &amp; Klaus KFZ-Service","article_modified_time":"2020-03-06T15:50:22+00:00","og_image":[{"url":"http:\/\/kfz-service-ffb.de\/wp-content\/uploads\/2020\/02\/telefon.jpg","type":"","width":"","height":""}],"twitter_card":"summary_large_image","schema":{"@context":"https:\/\/schema.org","@graph":[{"@type":"WebPage","@id":"https:\/\/kfz-service-ffb.de\/?page_id=12","url":"https:\/\/kfz-service-ffb.de\/?page_id=12","name":"Kontakt - Kreuzer &amp; Klaus KFZ-Service","isPartOf":{"@id":"https:\/\/kfz-service-ffb.de\/#website"},"primaryImageOfPage":{"@id":"https:\/\/kfz-service-ffb.de\/?page_id=12#primaryimage"},"image":{"@id":"https:\/\/kfz-service-ffb.de\/?page_id=12#primaryimage"},"thumbnailUrl":"http:\/\/kfz-service-ffb.de\/wp-content\/uploads\/2020\/02\/telefon.jpg","datePublished":"2020-02-28T14:53:28+00:00","dateModified":"2020-03-06T15:50:22+00:00","breadcrumb":{"@id":"https:\/\/kfz-service-ffb.de\/?page_id=12#breadcrumb"},"inLanguage":"de","potentialAction":[{"@type":"ReadAction","target":["https:\/\/kfz-service-ffb.de\/?page_id=12"]}]},{"@type":"ImageObject","inLanguage":"de","@id":"https:\/\/kfz-service-ffb.de\/?page_id=12#primaryimage","url":"https:\/\/kfz-service-ffb.de\/wp-content\/uploads\/2020\/02\/telefon.jpg","contentUrl":"https:\/\/kfz-service-ffb.de\/wp-content\/uploads\/2020\/02\/telefon.jpg","width":198,"height":196},{"@type":"BreadcrumbList","@id":"https:\/\/kfz-service-ffb.de\/?page_id=12#breadcrumb","itemListElement":[{"@type":"ListItem","position":1,"name":"Startseite","item":"https:\/\/kfz-service-ffb.de\/"},{"@type":"ListItem","position":2,"name":"Kontakt"}]},{"@type":"WebSite","@id":"https:\/\/kfz-service-ffb.de\/#website","url":"https:\/\/kfz-service-ffb.de\/","name":"Kreuzer &amp; Klaus KFZ-Service","description":"Reparatur und Service f\u00fcr alle Auto Marken","publisher":{"@id":"https:\/\/kfz-service-ffb.de\/#organization"},"potentialAction":[{"@type":"SearchAction","target":{"@type":"EntryPoint","urlTemplate":"https:\/\/kfz-service-ffb.de\/?s={search_term_string}"},"query-input":{"@type":"PropertyValueSpecification","valueRequired":true,"valueName":"search_term_string"}}],"inLanguage":"de"},{"@type":"Organization","@id":"https:\/\/kfz-service-ffb.de\/#organization","name":"Kreuzer & Klaus Kfz-Service","url":"https:\/\/kfz-service-ffb.de\/","logo":{"@type":"ImageObject","inLanguage":"de","@id":"https:\/\/kfz-service-ffb.de\/#\/schema\/logo\/image\/","url":"https:\/\/kfz-service-ffb.de\/wp-content\/uploads\/2020\/02\/KK-logo-blau-rot_250.jpg","contentUrl":"https:\/\/kfz-service-ffb.de\/wp-content\/uploads\/2020\/02\/KK-logo-blau-rot_250.jpg","width":250,"height":115,"caption":"Kreuzer & Klaus Kfz-Service"},"image":{"@id":"https:\/\/kfz-service-ffb.de\/#\/schema\/logo\/image\/"}}]}},"_links":{"self":[{"href":"https:\/\/kfz-service-ffb.de\/index.php?rest_route=\/wp\/v2\/pages\/12","targetHints":{"allow":["GET"]}}],"collection":[{"href":"https:\/\/kfz-service-ffb.de\/index.php?rest_route=\/wp\/v2\/pages"}],"about":[{"href":"https:\/\/kfz-service-ffb.de\/index.php?rest_route=\/wp\/v2\/types\/page"}],"author":[{"embeddable":true,"href":"https:\/\/kfz-service-ffb.de\/index.php?rest_route=\/wp\/v2\/users\/1"}],"replies":[{"embeddable":true,"href":"https:\/\/kfz-service-ffb.de\/index.php?rest_route=%2Fwp%2Fv2%2Fcomments&post=12"}],"version-history":[{"count":10,"href":"https:\/\/kfz-service-ffb.de\/index.php?rest_route=\/wp\/v2\/pages\/12\/revisions"}],"predecessor-version":[{"id":178,"href":"https:\/\/kfz-service-ffb.de\/index.php?rest_route=\/wp\/v2\/pages\/12\/revisions\/178"}],"wp:attachment":[{"href":"https:\/\/kfz-service-ffb.de\/index.php?rest_route=%2Fwp%2Fv2%2Fmedia&parent=12"}],"curies":[{"name":"wp","href":"https:\/\/api.w.org\/{rel}","templated":true}]}}