{"id":18,"date":"2020-02-28T15:54:51","date_gmt":"2020-02-28T14:54:51","guid":{"rendered":"http:\/\/kfz-service-ffb.de\/?page_id=18"},"modified":"2020-03-06T15:31:03","modified_gmt":"2020-03-06T14:31:03","slug":"ueber-uns","status":"publish","type":"page","link":"https:\/\/kfz-service-ffb.de\/?page_id=18","title":{"rendered":"\u00dcber uns"},"content":{"rendered":"\t\t<div data-elementor-type=\"wp-page\" data-elementor-id=\"18\" class=\"elementor elementor-18\">\n\t\t\t\t\t\t<section class=\"elementor-section elementor-top-section elementor-element elementor-element-6ac586a elementor-section-boxed elementor-section-height-default elementor-section-height-default\" data-id=\"6ac586a\" data-element_type=\"section\" data-e-type=\"section\">\n\t\t\t\t\t\t<div class=\"elementor-container elementor-column-gap-default\">\n\t\t\t\t\t<div class=\"elementor-column elementor-col-50 elementor-top-column elementor-element elementor-element-68ea755\" data-id=\"68ea755\" data-element_type=\"column\" data-e-type=\"column\">\n\t\t\t<div class=\"elementor-widget-wrap elementor-element-populated\">\n\t\t\t\t\t\t<div class=\"elementor-element elementor-element-a5d7a62 elementor-widget elementor-widget-image\" data-id=\"a5d7a62\" data-element_type=\"widget\" data-e-type=\"widget\" data-widget_type=\"image.default\">\n\t\t\t\t<div class=\"elementor-widget-container\">\n\t\t\t\t\t\t\t\t\t\t\t\t\t\t\t<img fetchpriority=\"high\" decoding=\"async\" width=\"768\" height=\"448\" src=\"https:\/\/kfz-service-ffb.de\/wp-content\/uploads\/2020\/02\/teamfoto_900x525-768x448.jpg\" class=\"attachment-medium_large size-medium_large wp-image-61\" alt=\"\" srcset=\"https:\/\/kfz-service-ffb.de\/wp-content\/uploads\/2020\/02\/teamfoto_900x525-768x448.jpg 768w, https:\/\/kfz-service-ffb.de\/wp-content\/uploads\/2020\/02\/teamfoto_900x525-300x175.jpg 300w, https:\/\/kfz-service-ffb.de\/wp-content\/uploads\/2020\/02\/teamfoto_900x525.jpg 900w\" sizes=\"(max-width: 768px) 100vw, 768px\" \/>\t\t\t\t\t\t\t\t\t\t\t\t\t\t\t<\/div>\n\t\t\t\t<\/div>\n\t\t\t\t\t<\/div>\n\t\t<\/div>\n\t\t\t\t<div class=\"elementor-column elementor-col-50 elementor-top-column elementor-element elementor-element-950b88c\" data-id=\"950b88c\" data-element_type=\"column\" data-e-type=\"column\">\n\t\t\t<div class=\"elementor-widget-wrap elementor-element-populated\">\n\t\t\t\t\t\t<div class=\"elementor-element elementor-element-5c0b36d elementor-widget elementor-widget-text-editor\" data-id=\"5c0b36d\" data-element_type=\"widget\" data-e-type=\"widget\" data-widget_type=\"text-editor.default\">\n\t\t\t\t<div class=\"elementor-widget-container\">\n\t\t\t\t\t\t\t\t\t<p>Jochen Kreuzer-Zeyer ist\u00a0 Inhaber von Kreuzer &amp; Klaus KFZ-Service und arbeitet seit weit \u00fcber 40 Jahren als KFZ-Mechaniker und -Meister. Fr\u00fcher war er\u00a0 f\u00fcr diverse Vertragswerkst\u00e4tten t\u00e4tig bis er zusammen mit Norbert Klaus vor gut 15 Jahren das Unternehmen Kreuzer &amp; Klaus KFZ-Service\u00a0 gr\u00fcndete.<\/p><p>Norbert Klaus ist KFZ-Meister aus Passion und als leidenschaftlicher Motorradfahrer auch zust\u00e4ndig f\u00fcr den Zweirad-Service. Seine Erfahrung als KFZ-Mechanikermeister in diversen Vertragswerkst\u00e4tten und sein H\u00e4ndchen f\u00fcr erstklassigen Service sucht seinesgleichen.<\/p><p>Justus Kreuzer hat gerade erfolgreich seine Ausbildung zum KFZ-Mechatroniker abgeschlossen. Gratulation zur erfolgreich und gut\u00a0 bestandenen Gesellenpr\u00fcfung !<\/p><p>Neu im Team ist seit Sommer 2019 Jens Hase der eine Umschulung zum KFZ-Mechatroniker absolviert.<\/p>\t\t\t\t\t\t\t\t<\/div>\n\t\t\t\t<\/div>\n\t\t\t\t\t<\/div>\n\t\t<\/div>\n\t\t\t\t\t<\/div>\n\t\t<\/section>\n\t\t\t\t<section class=\"elementor-section elementor-top-section elementor-element elementor-element-0e06eb5 elementor-section-boxed elementor-section-height-default elementor-section-height-default\" data-id=\"0e06eb5\" data-element_type=\"section\" data-e-type=\"section\">\n\t\t\t\t\t\t<div class=\"elementor-container elementor-column-gap-default\">\n\t\t\t\t\t<div class=\"elementor-column elementor-col-100 elementor-top-column elementor-element elementor-element-026f1c1\" data-id=\"026f1c1\" data-element_type=\"column\" data-e-type=\"column\">\n\t\t\t<div class=\"elementor-widget-wrap elementor-element-populated\">\n\t\t\t\t\t\t<div class=\"elementor-element elementor-element-415f278 elementor-widget elementor-widget-spacer\" data-id=\"415f278\" data-element_type=\"widget\" data-e-type=\"widget\" data-widget_type=\"spacer.default\">\n\t\t\t\t<div class=\"elementor-widget-container\">\n\t\t\t\t\t\t\t<div class=\"elementor-spacer\">\n\t\t\t<div class=\"elementor-spacer-inner\"><\/div>\n\t\t<\/div>\n\t\t\t\t\t\t<\/div>\n\t\t\t\t<\/div>\n\t\t\t\t\t<\/div>\n\t\t<\/div>\n\t\t\t\t\t<\/div>\n\t\t<\/section>\n\t\t\t\t<\/div>\n\t\t","protected":false},"excerpt":{"rendered":"<p>Jochen Kreuzer-Zeyer ist\u00a0 Inhaber von Kreuzer &amp; Klaus KFZ-Service und arbeitet seit weit \u00fcber 40 Jahren als KFZ-Mechaniker und -Meister. Fr\u00fcher war er\u00a0 f\u00fcr diverse Vertragswerkst\u00e4tten t\u00e4tig bis er zusammen mit Norbert Klaus vor gut 15 Jahren das Unternehmen Kreuzer &amp; Klaus KFZ-Service\u00a0 gr\u00fcndete. Norbert Klaus ist KFZ-Meister aus Passion und als leidenschaftlicher Motorradfahrer auch [&hellip;]<\/p>\n","protected":false},"author":1,"featured_media":0,"parent":0,"menu_order":0,"comment_status":"closed","ping_status":"closed","template":"","meta":{"site-sidebar-layout":"no-sidebar","site-content-layout":"page-builder","ast-site-content-layout":"default","site-content-style":"default","site-sidebar-style":"default","ast-global-header-display":"","ast-banner-title-visibility":"","ast-main-header-display":"","ast-hfb-above-header-display":"","ast-hfb-below-header-display":"","ast-hfb-mobile-header-display":"","site-post-title":"disabled","ast-breadcrumbs-content":"","ast-featured-img":"disabled","footer-sml-layout":"","ast-disable-related-posts":"","theme-transparent-header-meta":"","adv-header-id-meta":"","stick-header-meta":"","header-above-stick-meta":"","header-main-stick-meta":"","header-below-stick-meta":"","astra-migrate-meta-layouts":"default","ast-page-background-enabled":"default","ast-page-background-meta":{"desktop":{"background-color":"","background-image":"","background-repeat":"repeat","background-position":"center center","background-size":"auto","background-attachment":"scroll","background-type":"","background-media":"","overlay-type":"","overlay-color":"","overlay-opacity":"","overlay-gradient":""},"tablet":{"background-color":"","background-image":"","background-repeat":"repeat","background-position":"center center","background-size":"auto","background-attachment":"scroll","background-type":"","background-media":"","overlay-type":"","overlay-color":"","overlay-opacity":"","overlay-gradient":""},"mobile":{"background-color":"","background-image":"","background-repeat":"repeat","background-position":"center center","background-size":"auto","background-attachment":"scroll","background-type":"","background-media":"","overlay-type":"","overlay-color":"","overlay-opacity":"","overlay-gradient":""}},"ast-content-background-meta":{"desktop":{"background-color":"var(--ast-global-color-5)","background-image":"","background-repeat":"repeat","background-position":"center center","background-size":"auto","background-attachment":"scroll","background-type":"","background-media":"","overlay-type":"","overlay-color":"","overlay-opacity":"","overlay-gradient":""},"tablet":{"background-color":"var(--ast-global-color-5)","background-image":"","background-repeat":"repeat","background-position":"center center","background-size":"auto","background-attachment":"scroll","background-type":"","background-media":"","overlay-type":"","overlay-color":"","overlay-opacity":"","overlay-gradient":""},"mobile":{"background-color":"var(--ast-global-color-5)","background-image":"","background-repeat":"repeat","background-position":"center center","background-size":"auto","background-attachment":"scroll","background-type":"","background-media":"","overlay-type":"","overlay-color":"","overlay-opacity":"","overlay-gradient":""}},"footnotes":""},"class_list":["post-18","page","type-page","status-publish","hentry"],"yoast_head":"<!-- This site is optimized with the Yoast SEO plugin v27.4 - https:\/\/yoast.com\/product\/yoast-seo-wordpress\/ -->\n<title>\u00dcber uns - Kreuzer &amp; Klaus KFZ-Service<\/title>\n<meta name=\"robots\" content=\"index, follow, max-snippet:-1, max-image-preview:large, max-video-preview:-1\" \/>\n<link rel=\"canonical\" href=\"https:\/\/kfz-service-ffb.de\/?page_id=18\" \/>\n<meta property=\"og:locale\" content=\"de_DE\" \/>\n<meta property=\"og:type\" content=\"article\" \/>\n<meta property=\"og:title\" content=\"\u00dcber uns - Kreuzer &amp; Klaus KFZ-Service\" \/>\n<meta property=\"og:description\" content=\"Jochen Kreuzer-Zeyer ist\u00a0 Inhaber von Kreuzer &amp; Klaus KFZ-Service und arbeitet seit weit \u00fcber 40 Jahren als KFZ-Mechaniker und -Meister. Fr\u00fcher war er\u00a0 f\u00fcr diverse Vertragswerkst\u00e4tten t\u00e4tig bis er zusammen mit Norbert Klaus vor gut 15 Jahren das Unternehmen Kreuzer &amp; Klaus KFZ-Service\u00a0 gr\u00fcndete. Norbert Klaus ist KFZ-Meister aus Passion und als leidenschaftlicher Motorradfahrer auch [&hellip;]\" \/>\n<meta property=\"og:url\" content=\"https:\/\/kfz-service-ffb.de\/?page_id=18\" \/>\n<meta property=\"og:site_name\" content=\"Kreuzer &amp; Klaus KFZ-Service\" \/>\n<meta property=\"article:modified_time\" content=\"2020-03-06T14:31:03+00:00\" \/>\n<meta property=\"og:image\" content=\"http:\/\/kfz-service-ffb.de\/wp-content\/uploads\/2020\/02\/teamfoto_900x525-768x448.jpg\" \/>\n<meta name=\"twitter:card\" content=\"summary_large_image\" \/>\n<meta name=\"twitter:label1\" content=\"Gesch\u00e4tzte Lesezeit\" \/>\n\t<meta name=\"twitter:data1\" content=\"1\u00a0Minute\" \/>\n<script type=\"application\/ld+json\" class=\"yoast-schema-graph\">{\"@context\":\"https:\\\/\\\/schema.org\",\"@graph\":[{\"@type\":\"WebPage\",\"@id\":\"https:\\\/\\\/kfz-service-ffb.de\\\/?page_id=18\",\"url\":\"https:\\\/\\\/kfz-service-ffb.de\\\/?page_id=18\",\"name\":\"\u00dcber uns - Kreuzer &amp; Klaus KFZ-Service\",\"isPartOf\":{\"@id\":\"https:\\\/\\\/kfz-service-ffb.de\\\/#website\"},\"primaryImageOfPage\":{\"@id\":\"https:\\\/\\\/kfz-service-ffb.de\\\/?page_id=18#primaryimage\"},\"image\":{\"@id\":\"https:\\\/\\\/kfz-service-ffb.de\\\/?page_id=18#primaryimage\"},\"thumbnailUrl\":\"http:\\\/\\\/kfz-service-ffb.de\\\/wp-content\\\/uploads\\\/2020\\\/02\\\/teamfoto_900x525-768x448.jpg\",\"datePublished\":\"2020-02-28T14:54:51+00:00\",\"dateModified\":\"2020-03-06T14:31:03+00:00\",\"breadcrumb\":{\"@id\":\"https:\\\/\\\/kfz-service-ffb.de\\\/?page_id=18#breadcrumb\"},\"inLanguage\":\"de\",\"potentialAction\":[{\"@type\":\"ReadAction\",\"target\":[\"https:\\\/\\\/kfz-service-ffb.de\\\/?page_id=18\"]}]},{\"@type\":\"ImageObject\",\"inLanguage\":\"de\",\"@id\":\"https:\\\/\\\/kfz-service-ffb.de\\\/?page_id=18#primaryimage\",\"url\":\"https:\\\/\\\/kfz-service-ffb.de\\\/wp-content\\\/uploads\\\/2020\\\/02\\\/teamfoto_900x525.jpg\",\"contentUrl\":\"https:\\\/\\\/kfz-service-ffb.de\\\/wp-content\\\/uploads\\\/2020\\\/02\\\/teamfoto_900x525.jpg\",\"width\":900,\"height\":525},{\"@type\":\"BreadcrumbList\",\"@id\":\"https:\\\/\\\/kfz-service-ffb.de\\\/?page_id=18#breadcrumb\",\"itemListElement\":[{\"@type\":\"ListItem\",\"position\":1,\"name\":\"Startseite\",\"item\":\"https:\\\/\\\/kfz-service-ffb.de\\\/\"},{\"@type\":\"ListItem\",\"position\":2,\"name\":\"\u00dcber uns\"}]},{\"@type\":\"WebSite\",\"@id\":\"https:\\\/\\\/kfz-service-ffb.de\\\/#website\",\"url\":\"https:\\\/\\\/kfz-service-ffb.de\\\/\",\"name\":\"Kreuzer &amp; Klaus KFZ-Service\",\"description\":\"Reparatur und Service f\u00fcr alle Auto Marken\",\"publisher\":{\"@id\":\"https:\\\/\\\/kfz-service-ffb.de\\\/#organization\"},\"potentialAction\":[{\"@type\":\"SearchAction\",\"target\":{\"@type\":\"EntryPoint\",\"urlTemplate\":\"https:\\\/\\\/kfz-service-ffb.de\\\/?s={search_term_string}\"},\"query-input\":{\"@type\":\"PropertyValueSpecification\",\"valueRequired\":true,\"valueName\":\"search_term_string\"}}],\"inLanguage\":\"de\"},{\"@type\":\"Organization\",\"@id\":\"https:\\\/\\\/kfz-service-ffb.de\\\/#organization\",\"name\":\"Kreuzer & Klaus Kfz-Service\",\"url\":\"https:\\\/\\\/kfz-service-ffb.de\\\/\",\"logo\":{\"@type\":\"ImageObject\",\"inLanguage\":\"de\",\"@id\":\"https:\\\/\\\/kfz-service-ffb.de\\\/#\\\/schema\\\/logo\\\/image\\\/\",\"url\":\"https:\\\/\\\/kfz-service-ffb.de\\\/wp-content\\\/uploads\\\/2020\\\/02\\\/KK-logo-blau-rot_250.jpg\",\"contentUrl\":\"https:\\\/\\\/kfz-service-ffb.de\\\/wp-content\\\/uploads\\\/2020\\\/02\\\/KK-logo-blau-rot_250.jpg\",\"width\":250,\"height\":115,\"caption\":\"Kreuzer & Klaus Kfz-Service\"},\"image\":{\"@id\":\"https:\\\/\\\/kfz-service-ffb.de\\\/#\\\/schema\\\/logo\\\/image\\\/\"}}]}<\/script>\n<!-- \/ Yoast SEO plugin. -->","yoast_head_json":{"title":"\u00dcber uns - Kreuzer &amp; Klaus KFZ-Service","robots":{"index":"index","follow":"follow","max-snippet":"max-snippet:-1","max-image-preview":"max-image-preview:large","max-video-preview":"max-video-preview:-1"},"canonical":"https:\/\/kfz-service-ffb.de\/?page_id=18","og_locale":"de_DE","og_type":"article","og_title":"\u00dcber uns - Kreuzer &amp; Klaus KFZ-Service","og_description":"Jochen Kreuzer-Zeyer ist\u00a0 Inhaber von Kreuzer &amp; Klaus KFZ-Service und arbeitet seit weit \u00fcber 40 Jahren als KFZ-Mechaniker und -Meister. Fr\u00fcher war er\u00a0 f\u00fcr diverse Vertragswerkst\u00e4tten t\u00e4tig bis er zusammen mit Norbert Klaus vor gut 15 Jahren das Unternehmen Kreuzer &amp; Klaus KFZ-Service\u00a0 gr\u00fcndete. Norbert Klaus ist KFZ-Meister aus Passion und als leidenschaftlicher Motorradfahrer auch [&hellip;]","og_url":"https:\/\/kfz-service-ffb.de\/?page_id=18","og_site_name":"Kreuzer &amp; Klaus KFZ-Service","article_modified_time":"2020-03-06T14:31:03+00:00","og_image":[{"url":"http:\/\/kfz-service-ffb.de\/wp-content\/uploads\/2020\/02\/teamfoto_900x525-768x448.jpg","type":"","width":"","height":""}],"twitter_card":"summary_large_image","twitter_misc":{"Gesch\u00e4tzte Lesezeit":"1\u00a0Minute"},"schema":{"@context":"https:\/\/schema.org","@graph":[{"@type":"WebPage","@id":"https:\/\/kfz-service-ffb.de\/?page_id=18","url":"https:\/\/kfz-service-ffb.de\/?page_id=18","name":"\u00dcber uns - Kreuzer &amp; Klaus KFZ-Service","isPartOf":{"@id":"https:\/\/kfz-service-ffb.de\/#website"},"primaryImageOfPage":{"@id":"https:\/\/kfz-service-ffb.de\/?page_id=18#primaryimage"},"image":{"@id":"https:\/\/kfz-service-ffb.de\/?page_id=18#primaryimage"},"thumbnailUrl":"http:\/\/kfz-service-ffb.de\/wp-content\/uploads\/2020\/02\/teamfoto_900x525-768x448.jpg","datePublished":"2020-02-28T14:54:51+00:00","dateModified":"2020-03-06T14:31:03+00:00","breadcrumb":{"@id":"https:\/\/kfz-service-ffb.de\/?page_id=18#breadcrumb"},"inLanguage":"de","potentialAction":[{"@type":"ReadAction","target":["https:\/\/kfz-service-ffb.de\/?page_id=18"]}]},{"@type":"ImageObject","inLanguage":"de","@id":"https:\/\/kfz-service-ffb.de\/?page_id=18#primaryimage","url":"https:\/\/kfz-service-ffb.de\/wp-content\/uploads\/2020\/02\/teamfoto_900x525.jpg","contentUrl":"https:\/\/kfz-service-ffb.de\/wp-content\/uploads\/2020\/02\/teamfoto_900x525.jpg","width":900,"height":525},{"@type":"BreadcrumbList","@id":"https:\/\/kfz-service-ffb.de\/?page_id=18#breadcrumb","itemListElement":[{"@type":"ListItem","position":1,"name":"Startseite","item":"https:\/\/kfz-service-ffb.de\/"},{"@type":"ListItem","position":2,"name":"\u00dcber uns"}]},{"@type":"WebSite","@id":"https:\/\/kfz-service-ffb.de\/#website","url":"https:\/\/kfz-service-ffb.de\/","name":"Kreuzer &amp; Klaus KFZ-Service","description":"Reparatur und Service f\u00fcr alle Auto Marken","publisher":{"@id":"https:\/\/kfz-service-ffb.de\/#organization"},"potentialAction":[{"@type":"SearchAction","target":{"@type":"EntryPoint","urlTemplate":"https:\/\/kfz-service-ffb.de\/?s={search_term_string}"},"query-input":{"@type":"PropertyValueSpecification","valueRequired":true,"valueName":"search_term_string"}}],"inLanguage":"de"},{"@type":"Organization","@id":"https:\/\/kfz-service-ffb.de\/#organization","name":"Kreuzer & Klaus Kfz-Service","url":"https:\/\/kfz-service-ffb.de\/","logo":{"@type":"ImageObject","inLanguage":"de","@id":"https:\/\/kfz-service-ffb.de\/#\/schema\/logo\/image\/","url":"https:\/\/kfz-service-ffb.de\/wp-content\/uploads\/2020\/02\/KK-logo-blau-rot_250.jpg","contentUrl":"https:\/\/kfz-service-ffb.de\/wp-content\/uploads\/2020\/02\/KK-logo-blau-rot_250.jpg","width":250,"height":115,"caption":"Kreuzer & Klaus Kfz-Service"},"image":{"@id":"https:\/\/kfz-service-ffb.de\/#\/schema\/logo\/image\/"}}]}},"_links":{"self":[{"href":"https:\/\/kfz-service-ffb.de\/index.php?rest_route=\/wp\/v2\/pages\/18","targetHints":{"allow":["GET"]}}],"collection":[{"href":"https:\/\/kfz-service-ffb.de\/index.php?rest_route=\/wp\/v2\/pages"}],"about":[{"href":"https:\/\/kfz-service-ffb.de\/index.php?rest_route=\/wp\/v2\/types\/page"}],"author":[{"embeddable":true,"href":"https:\/\/kfz-service-ffb.de\/index.php?rest_route=\/wp\/v2\/users\/1"}],"replies":[{"embeddable":true,"href":"https:\/\/kfz-service-ffb.de\/index.php?rest_route=%2Fwp%2Fv2%2Fcomments&post=18"}],"version-history":[{"count":11,"href":"https:\/\/kfz-service-ffb.de\/index.php?rest_route=\/wp\/v2\/pages\/18\/revisions"}],"predecessor-version":[{"id":168,"href":"https:\/\/kfz-service-ffb.de\/index.php?rest_route=\/wp\/v2\/pages\/18\/revisions\/168"}],"wp:attachment":[{"href":"https:\/\/kfz-service-ffb.de\/index.php?rest_route=%2Fwp%2Fv2%2Fmedia&parent=18"}],"curies":[{"name":"wp","href":"https:\/\/api.w.org\/{rel}","templated":true}]}}