{"id":8,"date":"2020-02-28T15:52:41","date_gmt":"2020-02-28T14:52:41","guid":{"rendered":"http:\/\/kfz-service-ffb.de\/?page_id=8"},"modified":"2020-03-06T16:43:52","modified_gmt":"2020-03-06T15:43:52","slug":"kreuzer-klaus-kfz-service","status":"publish","type":"page","link":"https:\/\/kfz-service-ffb.de\/","title":{"rendered":"Kreuzer &#038; Klaus Kfz-Service"},"content":{"rendered":"\t\t<div data-elementor-type=\"wp-page\" data-elementor-id=\"8\" class=\"elementor elementor-8\">\n\t\t\t\t\t\t<section class=\"elementor-section elementor-top-section elementor-element elementor-element-17178e6 elementor-section-full_width elementor-section-content-top elementor-section-height-default elementor-section-height-default\" data-id=\"17178e6\" data-element_type=\"section\" data-e-type=\"section\">\n\t\t\t\t\t\t<div class=\"elementor-container elementor-column-gap-no\">\n\t\t\t\t\t<div class=\"elementor-column elementor-col-100 elementor-top-column elementor-element elementor-element-c2be608\" data-id=\"c2be608\" data-element_type=\"column\" data-e-type=\"column\">\n\t\t\t<div class=\"elementor-widget-wrap elementor-element-populated\">\n\t\t\t\t\t\t<div class=\"elementor-element elementor-element-f1192f0 elementor-widget elementor-widget-image\" data-id=\"f1192f0\" data-element_type=\"widget\" data-e-type=\"widget\" data-widget_type=\"image.default\">\n\t\t\t\t<div class=\"elementor-widget-container\">\n\t\t\t\t\t\t\t\t\t\t\t\t\t\t\t<img decoding=\"async\" src=\"https:\/\/kfz-service-ffb.de\/wp-content\/uploads\/2020\/02\/startseitenbild.jpg\" title=\"startseitenbild\" alt=\"startseitenbild\" loading=\"lazy\" \/>\t\t\t\t\t\t\t\t\t\t\t\t\t\t\t<\/div>\n\t\t\t\t<\/div>\n\t\t\t\t\t<\/div>\n\t\t<\/div>\n\t\t\t\t\t<\/div>\n\t\t<\/section>\n\t\t\t\t<section class=\"elementor-section elementor-top-section elementor-element elementor-element-05b9ab9 elementor-section-boxed elementor-section-height-default elementor-section-height-default\" data-id=\"05b9ab9\" data-element_type=\"section\" data-e-type=\"section\">\n\t\t\t\t\t\t<div class=\"elementor-container elementor-column-gap-default\">\n\t\t\t\t\t<div class=\"elementor-column elementor-col-100 elementor-top-column elementor-element elementor-element-b8708de\" data-id=\"b8708de\" data-element_type=\"column\" data-e-type=\"column\">\n\t\t\t<div class=\"elementor-widget-wrap elementor-element-populated\">\n\t\t\t\t\t\t<div class=\"elementor-element elementor-element-68bfcfc elementor-widget elementor-widget-spacer\" data-id=\"68bfcfc\" data-element_type=\"widget\" data-e-type=\"widget\" data-widget_type=\"spacer.default\">\n\t\t\t\t<div class=\"elementor-widget-container\">\n\t\t\t\t\t\t\t<div class=\"elementor-spacer\">\n\t\t\t<div class=\"elementor-spacer-inner\"><\/div>\n\t\t<\/div>\n\t\t\t\t\t\t<\/div>\n\t\t\t\t<\/div>\n\t\t\t\t\t<\/div>\n\t\t<\/div>\n\t\t\t\t\t<\/div>\n\t\t<\/section>\n\t\t\t\t<section class=\"elementor-section elementor-top-section elementor-element elementor-element-9178905 elementor-section-boxed elementor-section-height-default elementor-section-height-default\" data-id=\"9178905\" data-element_type=\"section\" data-e-type=\"section\">\n\t\t\t\t\t\t<div class=\"elementor-container elementor-column-gap-default\">\n\t\t\t\t\t<div class=\"elementor-column elementor-col-100 elementor-top-column elementor-element elementor-element-df354f7\" data-id=\"df354f7\" data-element_type=\"column\" data-e-type=\"column\">\n\t\t\t<div class=\"elementor-widget-wrap elementor-element-populated\">\n\t\t\t\t\t\t<div class=\"elementor-element elementor-element-6443848 elementor-widget elementor-widget-heading\" data-id=\"6443848\" data-element_type=\"widget\" data-e-type=\"widget\" data-widget_type=\"heading.default\">\n\t\t\t\t<div class=\"elementor-widget-container\">\n\t\t\t\t\t<h3 class=\"elementor-heading-title elementor-size-default\">KREUZER &amp; KLAUS KFZ-Service<\/h3>\t\t\t\t<\/div>\n\t\t\t\t<\/div>\n\t\t\t\t\t<\/div>\n\t\t<\/div>\n\t\t\t\t\t<\/div>\n\t\t<\/section>\n\t\t\t\t<section class=\"elementor-section elementor-top-section elementor-element elementor-element-3cfabbc elementor-section-boxed elementor-section-height-default elementor-section-height-default\" data-id=\"3cfabbc\" data-element_type=\"section\" data-e-type=\"section\">\n\t\t\t\t\t\t<div class=\"elementor-container elementor-column-gap-default\">\n\t\t\t\t\t<div class=\"elementor-column elementor-col-100 elementor-top-column elementor-element elementor-element-98d5845\" data-id=\"98d5845\" data-element_type=\"column\" data-e-type=\"column\">\n\t\t\t<div class=\"elementor-widget-wrap elementor-element-populated\">\n\t\t\t\t\t\t<div class=\"elementor-element elementor-element-456f158 elementor-widget elementor-widget-text-editor\" data-id=\"456f158\" data-element_type=\"widget\" data-e-type=\"widget\" data-widget_type=\"text-editor.default\">\n\t\t\t\t<div class=\"elementor-widget-container\">\n\t\t\t\t\t\t\t\t\t<p>Kreuzer &amp; Klaus KFZ Service ist eine freie Autowerkstatt f\u00fcr alle Marken in Landsberied bei F\u00fcrstenfeldbruck.<\/p><p>Wir bieten Ihnen\u00a0 professionellen Service f\u00fcr Ihr Auto zu fairen Preisen.<br \/>Reparaturen, Inspektion, Unfallinstandsetzung \u2013 Fahrzeuge aller Marken sind bei uns in den besten H\u00e4nden. Durch langj\u00e4hrige Erfahrung modernste Pr\u00fcftechnik sowie regelm\u00e4\u00dfige Schulungen sind wir f\u00fcr fast jedes Problem ger\u00fcstet. Wir nehmen uns Zeit f\u00fcr ein ausf\u00fchrliches Gespr\u00e4ch und finden so ganz bestimmt die optimale L\u00f6sung f\u00fcr Ihr Fahrzeug.<\/p><p>Die Wartung und Instandsetzung Ihrer Fahrzeuge erfolgt bei uns selbstverst\u00e4ndlich\u00a0 nach Herstellervorgaben und mit Original-KFZ-Ersatzteilen oder Ersatzteilen in Erstausr\u00fcsterqualit\u00e4t. Ein Hol- und Bring-Service nach Absprache rundet unser Angebot ab.<br \/>Rufen Sie uns an \u2013 wir freuen uns auf Sie und Ihr Auto!<\/p>\t\t\t\t\t\t\t\t<\/div>\n\t\t\t\t<\/div>\n\t\t\t\t\t<\/div>\n\t\t<\/div>\n\t\t\t\t\t<\/div>\n\t\t<\/section>\n\t\t\t\t<section class=\"elementor-section elementor-top-section elementor-element elementor-element-afe613a elementor-section-boxed elementor-section-height-default elementor-section-height-default\" data-id=\"afe613a\" data-element_type=\"section\" data-e-type=\"section\">\n\t\t\t\t\t\t<div class=\"elementor-container elementor-column-gap-default\">\n\t\t\t\t\t<div class=\"elementor-column elementor-col-100 elementor-top-column elementor-element elementor-element-d894150\" data-id=\"d894150\" data-element_type=\"column\" data-e-type=\"column\">\n\t\t\t<div class=\"elementor-widget-wrap\">\n\t\t\t\t\t\t\t<\/div>\n\t\t<\/div>\n\t\t\t\t\t<\/div>\n\t\t<\/section>\n\t\t\t\t<section class=\"elementor-section elementor-top-section elementor-element elementor-element-f757633 elementor-section-boxed elementor-section-height-default elementor-section-height-default\" data-id=\"f757633\" data-element_type=\"section\" data-e-type=\"section\">\n\t\t\t\t\t\t<div class=\"elementor-container elementor-column-gap-default\">\n\t\t\t\t\t<div class=\"elementor-column elementor-col-50 elementor-top-column elementor-element elementor-element-fea9ffa\" data-id=\"fea9ffa\" data-element_type=\"column\" data-e-type=\"column\">\n\t\t\t<div class=\"elementor-widget-wrap elementor-element-populated\">\n\t\t\t\t\t\t<div class=\"elementor-element elementor-element-4deca4b elementor-widget elementor-widget-text-editor\" data-id=\"4deca4b\" data-element_type=\"widget\" data-e-type=\"widget\" data-widget_type=\"text-editor.default\">\n\t\t\t\t<div class=\"elementor-widget-container\">\n\t\t\t\t\t\t\t\t\t<h4>Unsere Leistungen<\/h4><ul><li>Fehlerdiagnose und Reparatur<\/li><li>Inspektion und Wartung<\/li><li>Haupt- und Abgasuntersuchung nach \u00a729 StVZO<\/li><li>Bremsen &#8211; Auspuff &#8211; Fahrwerk<\/li><li>Unfallinstandsetzung mit Schadenkalkulation<\/li><li>Achsvermessung<\/li><li>Scheibenreparatur und Austausch<\/li><li>Klimaanlagen-Service<\/li><li>Reifen und R\u00e4der<\/li><li>Nachr\u00fcstung von z.B. Anh\u00e4ngekupplung etc.<\/li><\/ul>\t\t\t\t\t\t\t\t<\/div>\n\t\t\t\t<\/div>\n\t\t\t\t\t<\/div>\n\t\t<\/div>\n\t\t\t\t<div class=\"elementor-column elementor-col-50 elementor-top-column elementor-element elementor-element-6751ceb\" data-id=\"6751ceb\" data-element_type=\"column\" data-e-type=\"column\">\n\t\t\t<div class=\"elementor-widget-wrap elementor-element-populated\">\n\t\t\t\t\t\t<div class=\"elementor-element elementor-element-a7d21de elementor-position-left elementor-vertical-align-top elementor-widget elementor-widget-image-box\" data-id=\"a7d21de\" data-element_type=\"widget\" data-e-type=\"widget\" data-widget_type=\"image-box.default\">\n\t\t\t\t<div class=\"elementor-widget-container\">\n\t\t\t\t\t<div class=\"elementor-image-box-wrapper\"><figure class=\"elementor-image-box-img\"><img decoding=\"async\" width=\"198\" height=\"196\" src=\"https:\/\/kfz-service-ffb.de\/wp-content\/uploads\/2020\/02\/telefon.jpg\" class=\"attachment-full size-full wp-image-62\" alt=\"\" \/><\/figure><div class=\"elementor-image-box-content\"><h3 class=\"elementor-image-box-title\">0 81 41 - 22 74 64<\/h3><\/div><\/div>\t\t\t\t<\/div>\n\t\t\t\t<\/div>\n\t\t\t\t<div class=\"elementor-element elementor-element-becb823 elementor-widget elementor-widget-image\" data-id=\"becb823\" data-element_type=\"widget\" data-e-type=\"widget\" data-widget_type=\"image.default\">\n\t\t\t\t<div class=\"elementor-widget-container\">\n\t\t\t\t\t\t\t\t\t\t\t\t\t\t\t<img fetchpriority=\"high\" decoding=\"async\" width=\"300\" height=\"183\" src=\"https:\/\/kfz-service-ffb.de\/wp-content\/uploads\/2020\/03\/werkstatt_hof_450-300x183.jpg\" class=\"attachment-medium size-medium wp-image-137\" alt=\"\" srcset=\"https:\/\/kfz-service-ffb.de\/wp-content\/uploads\/2020\/03\/werkstatt_hof_450-300x183.jpg 300w, https:\/\/kfz-service-ffb.de\/wp-content\/uploads\/2020\/03\/werkstatt_hof_450.jpg 450w\" sizes=\"(max-width: 300px) 100vw, 300px\" \/>\t\t\t\t\t\t\t\t\t\t\t\t\t\t\t<\/div>\n\t\t\t\t<\/div>\n\t\t\t\t\t<\/div>\n\t\t<\/div>\n\t\t\t\t\t<\/div>\n\t\t<\/section>\n\t\t\t\t<section class=\"elementor-section elementor-top-section elementor-element elementor-element-6e0edd3 elementor-section-boxed elementor-section-height-default elementor-section-height-default\" data-id=\"6e0edd3\" data-element_type=\"section\" data-e-type=\"section\">\n\t\t\t\t\t\t<div class=\"elementor-container elementor-column-gap-default\">\n\t\t\t\t\t<div class=\"elementor-column elementor-col-100 elementor-top-column elementor-element elementor-element-faeefd1\" data-id=\"faeefd1\" data-element_type=\"column\" data-e-type=\"column\">\n\t\t\t<div class=\"elementor-widget-wrap elementor-element-populated\">\n\t\t\t\t\t\t<div class=\"elementor-element elementor-element-7c6b9af elementor-align-center elementor-widget elementor-widget-button\" data-id=\"7c6b9af\" data-element_type=\"widget\" data-e-type=\"widget\" data-widget_type=\"button.default\">\n\t\t\t\t<div class=\"elementor-widget-container\">\n\t\t\t\t\t\t\t\t\t<div class=\"elementor-button-wrapper\">\n\t\t\t\t\t<a class=\"elementor-button elementor-button-link elementor-size-sm\" href=\"http:\/\/kfz-service-ffb.de\/?page_id=12\" rel=\"nofollow\" id=\"kontaktvonservice-id\">\n\t\t\t\t\t\t<span class=\"elementor-button-content-wrapper\">\n\t\t\t\t\t\t\t\t\t<span class=\"elementor-button-text\">Termin vereinbaren<\/span>\n\t\t\t\t\t<\/span>\n\t\t\t\t\t<\/a>\n\t\t\t\t<\/div>\n\t\t\t\t\t\t\t\t<\/div>\n\t\t\t\t<\/div>\n\t\t\t\t\t<\/div>\n\t\t<\/div>\n\t\t\t\t\t<\/div>\n\t\t<\/section>\n\t\t\t\t<section class=\"elementor-section elementor-top-section elementor-element elementor-element-c91446b elementor-section-boxed elementor-section-height-default elementor-section-height-default\" data-id=\"c91446b\" data-element_type=\"section\" data-e-type=\"section\">\n\t\t\t\t\t\t<div class=\"elementor-container elementor-column-gap-default\">\n\t\t\t\t\t<div class=\"elementor-column elementor-col-100 elementor-top-column elementor-element elementor-element-fbecb25\" data-id=\"fbecb25\" data-element_type=\"column\" data-e-type=\"column\">\n\t\t\t<div class=\"elementor-widget-wrap elementor-element-populated\">\n\t\t\t\t\t\t<div class=\"elementor-element elementor-element-d21cfed elementor-widget elementor-widget-spacer\" data-id=\"d21cfed\" data-element_type=\"widget\" data-e-type=\"widget\" data-widget_type=\"spacer.default\">\n\t\t\t\t<div class=\"elementor-widget-container\">\n\t\t\t\t\t\t\t<div class=\"elementor-spacer\">\n\t\t\t<div class=\"elementor-spacer-inner\"><\/div>\n\t\t<\/div>\n\t\t\t\t\t\t<\/div>\n\t\t\t\t<\/div>\n\t\t\t\t\t<\/div>\n\t\t<\/div>\n\t\t\t\t\t<\/div>\n\t\t<\/section>\n\t\t\t\t<\/div>\n\t\t","protected":false},"excerpt":{"rendered":"<p>KREUZER &#038; KLAUS KFZ-Service Kreuzer &amp; Klaus KFZ Service ist eine freie Autowerkstatt f\u00fcr alle Marken in Landsberied bei F\u00fcrstenfeldbruck. Wir bieten Ihnen\u00a0 professionellen Service f\u00fcr Ihr Auto zu fairen Preisen.Reparaturen, Inspektion, Unfallinstandsetzung \u2013 Fahrzeuge aller Marken sind bei uns in den besten H\u00e4nden. Durch langj\u00e4hrige Erfahrung modernste Pr\u00fcftechnik sowie regelm\u00e4\u00dfige Schulungen sind wir f\u00fcr [&hellip;]<\/p>\n","protected":false},"author":1,"featured_media":0,"parent":0,"menu_order":0,"comment_status":"closed","ping_status":"closed","template":"","meta":{"site-sidebar-layout":"no-sidebar","site-content-layout":"page-builder","ast-site-content-layout":"default","site-content-style":"default","site-sidebar-style":"default","ast-global-header-display":"","ast-banner-title-visibility":"","ast-main-header-display":"","ast-hfb-above-header-display":"","ast-hfb-below-header-display":"","ast-hfb-mobile-header-display":"","site-post-title":"disabled","ast-breadcrumbs-content":"","ast-featured-img":"disabled","footer-sml-layout":"","ast-disable-related-posts":"","theme-transparent-header-meta":"","adv-header-id-meta":"","stick-header-meta":"","header-above-stick-meta":"","header-main-stick-meta":"","header-below-stick-meta":"","astra-migrate-meta-layouts":"default","ast-page-background-enabled":"default","ast-page-background-meta":{"desktop":{"background-color":"","background-image":"","background-repeat":"repeat","background-position":"center center","background-size":"auto","background-attachment":"scroll","background-type":"","background-media":"","overlay-type":"","overlay-color":"","overlay-opacity":"","overlay-gradient":""},"tablet":{"background-color":"","background-image":"","background-repeat":"repeat","background-position":"center center","background-size":"auto","background-attachment":"scroll","background-type":"","background-media":"","overlay-type":"","overlay-color":"","overlay-opacity":"","overlay-gradient":""},"mobile":{"background-color":"","background-image":"","background-repeat":"repeat","background-position":"center center","background-size":"auto","background-attachment":"scroll","background-type":"","background-media":"","overlay-type":"","overlay-color":"","overlay-opacity":"","overlay-gradient":""}},"ast-content-background-meta":{"desktop":{"background-color":"var(--ast-global-color-5)","background-image":"","background-repeat":"repeat","background-position":"center center","background-size":"auto","background-attachment":"scroll","background-type":"","background-media":"","overlay-type":"","overlay-color":"","overlay-opacity":"","overlay-gradient":""},"tablet":{"background-color":"var(--ast-global-color-5)","background-image":"","background-repeat":"repeat","background-position":"center center","background-size":"auto","background-attachment":"scroll","background-type":"","background-media":"","overlay-type":"","overlay-color":"","overlay-opacity":"","overlay-gradient":""},"mobile":{"background-color":"var(--ast-global-color-5)","background-image":"","background-repeat":"repeat","background-position":"center center","background-size":"auto","background-attachment":"scroll","background-type":"","background-media":"","overlay-type":"","overlay-color":"","overlay-opacity":"","overlay-gradient":""}},"footnotes":""},"class_list":["post-8","page","type-page","status-publish","hentry"],"yoast_head":"<!-- This site is optimized with the Yoast SEO plugin v27.4 - https:\/\/yoast.com\/product\/yoast-seo-wordpress\/ -->\n<title>Kreuzer &amp; Klaus Kfz-Service - Kreuzer &amp; Klaus KFZ-Service<\/title>\n<meta name=\"robots\" content=\"index, follow, max-snippet:-1, max-image-preview:large, max-video-preview:-1\" \/>\n<link rel=\"canonical\" href=\"https:\/\/kfz-service-ffb.de\/\" \/>\n<meta property=\"og:locale\" content=\"de_DE\" \/>\n<meta property=\"og:type\" content=\"article\" \/>\n<meta property=\"og:title\" content=\"Kreuzer &amp; Klaus Kfz-Service - Kreuzer &amp; Klaus KFZ-Service\" \/>\n<meta property=\"og:description\" content=\"KREUZER &#038; KLAUS KFZ-Service Kreuzer &amp; Klaus KFZ Service ist eine freie Autowerkstatt f\u00fcr alle Marken in Landsberied bei F\u00fcrstenfeldbruck. Wir bieten Ihnen\u00a0 professionellen Service f\u00fcr Ihr Auto zu fairen Preisen.Reparaturen, Inspektion, Unfallinstandsetzung \u2013 Fahrzeuge aller Marken sind bei uns in den besten H\u00e4nden. Durch langj\u00e4hrige Erfahrung modernste Pr\u00fcftechnik sowie regelm\u00e4\u00dfige Schulungen sind wir f\u00fcr [&hellip;]\" \/>\n<meta property=\"og:url\" content=\"https:\/\/kfz-service-ffb.de\/\" \/>\n<meta property=\"og:site_name\" content=\"Kreuzer &amp; Klaus KFZ-Service\" \/>\n<meta property=\"article:modified_time\" content=\"2020-03-06T15:43:52+00:00\" \/>\n<meta property=\"og:image\" content=\"http:\/\/kfz-service-ffb.de\/wp-content\/uploads\/2020\/02\/startseitenbild.jpg\" \/>\n<meta name=\"twitter:card\" content=\"summary_large_image\" \/>\n<meta name=\"twitter:label1\" content=\"Gesch\u00e4tzte Lesezeit\" \/>\n\t<meta name=\"twitter:data1\" content=\"1\u00a0Minute\" \/>\n<script type=\"application\/ld+json\" class=\"yoast-schema-graph\">{\"@context\":\"https:\\\/\\\/schema.org\",\"@graph\":[{\"@type\":\"WebPage\",\"@id\":\"https:\\\/\\\/kfz-service-ffb.de\\\/\",\"url\":\"https:\\\/\\\/kfz-service-ffb.de\\\/\",\"name\":\"Kreuzer & Klaus Kfz-Service - Kreuzer &amp; Klaus KFZ-Service\",\"isPartOf\":{\"@id\":\"https:\\\/\\\/kfz-service-ffb.de\\\/#website\"},\"primaryImageOfPage\":{\"@id\":\"https:\\\/\\\/kfz-service-ffb.de\\\/#primaryimage\"},\"image\":{\"@id\":\"https:\\\/\\\/kfz-service-ffb.de\\\/#primaryimage\"},\"thumbnailUrl\":\"http:\\\/\\\/kfz-service-ffb.de\\\/wp-content\\\/uploads\\\/2020\\\/02\\\/startseitenbild.jpg\",\"datePublished\":\"2020-02-28T14:52:41+00:00\",\"dateModified\":\"2020-03-06T15:43:52+00:00\",\"breadcrumb\":{\"@id\":\"https:\\\/\\\/kfz-service-ffb.de\\\/#breadcrumb\"},\"inLanguage\":\"de\",\"potentialAction\":[{\"@type\":\"ReadAction\",\"target\":[\"https:\\\/\\\/kfz-service-ffb.de\\\/\"]}]},{\"@type\":\"ImageObject\",\"inLanguage\":\"de\",\"@id\":\"https:\\\/\\\/kfz-service-ffb.de\\\/#primaryimage\",\"url\":\"https:\\\/\\\/kfz-service-ffb.de\\\/wp-content\\\/uploads\\\/2020\\\/02\\\/startseitenbild.jpg\",\"contentUrl\":\"https:\\\/\\\/kfz-service-ffb.de\\\/wp-content\\\/uploads\\\/2020\\\/02\\\/startseitenbild.jpg\",\"width\":2500,\"height\":500},{\"@type\":\"BreadcrumbList\",\"@id\":\"https:\\\/\\\/kfz-service-ffb.de\\\/#breadcrumb\",\"itemListElement\":[{\"@type\":\"ListItem\",\"position\":1,\"name\":\"Startseite\",\"item\":\"https:\\\/\\\/kfz-service-ffb.de\\\/\"},{\"@type\":\"ListItem\",\"position\":2,\"name\":\"Kreuzer &#038; Klaus Kfz-Service\"}]},{\"@type\":\"WebSite\",\"@id\":\"https:\\\/\\\/kfz-service-ffb.de\\\/#website\",\"url\":\"https:\\\/\\\/kfz-service-ffb.de\\\/\",\"name\":\"Kreuzer &amp; Klaus KFZ-Service\",\"description\":\"Reparatur und Service f\u00fcr alle Auto Marken\",\"publisher\":{\"@id\":\"https:\\\/\\\/kfz-service-ffb.de\\\/#organization\"},\"potentialAction\":[{\"@type\":\"SearchAction\",\"target\":{\"@type\":\"EntryPoint\",\"urlTemplate\":\"https:\\\/\\\/kfz-service-ffb.de\\\/?s={search_term_string}\"},\"query-input\":{\"@type\":\"PropertyValueSpecification\",\"valueRequired\":true,\"valueName\":\"search_term_string\"}}],\"inLanguage\":\"de\"},{\"@type\":\"Organization\",\"@id\":\"https:\\\/\\\/kfz-service-ffb.de\\\/#organization\",\"name\":\"Kreuzer & Klaus Kfz-Service\",\"url\":\"https:\\\/\\\/kfz-service-ffb.de\\\/\",\"logo\":{\"@type\":\"ImageObject\",\"inLanguage\":\"de\",\"@id\":\"https:\\\/\\\/kfz-service-ffb.de\\\/#\\\/schema\\\/logo\\\/image\\\/\",\"url\":\"https:\\\/\\\/kfz-service-ffb.de\\\/wp-content\\\/uploads\\\/2020\\\/02\\\/KK-logo-blau-rot_250.jpg\",\"contentUrl\":\"https:\\\/\\\/kfz-service-ffb.de\\\/wp-content\\\/uploads\\\/2020\\\/02\\\/KK-logo-blau-rot_250.jpg\",\"width\":250,\"height\":115,\"caption\":\"Kreuzer & Klaus Kfz-Service\"},\"image\":{\"@id\":\"https:\\\/\\\/kfz-service-ffb.de\\\/#\\\/schema\\\/logo\\\/image\\\/\"}}]}<\/script>\n<!-- \/ Yoast SEO plugin. -->","yoast_head_json":{"title":"Kreuzer & Klaus Kfz-Service - Kreuzer &amp; Klaus KFZ-Service","robots":{"index":"index","follow":"follow","max-snippet":"max-snippet:-1","max-image-preview":"max-image-preview:large","max-video-preview":"max-video-preview:-1"},"canonical":"https:\/\/kfz-service-ffb.de\/","og_locale":"de_DE","og_type":"article","og_title":"Kreuzer & Klaus Kfz-Service - Kreuzer &amp; Klaus KFZ-Service","og_description":"KREUZER &#038; KLAUS KFZ-Service Kreuzer &amp; Klaus KFZ Service ist eine freie Autowerkstatt f\u00fcr alle Marken in Landsberied bei F\u00fcrstenfeldbruck. Wir bieten Ihnen\u00a0 professionellen Service f\u00fcr Ihr Auto zu fairen Preisen.Reparaturen, Inspektion, Unfallinstandsetzung \u2013 Fahrzeuge aller Marken sind bei uns in den besten H\u00e4nden. Durch langj\u00e4hrige Erfahrung modernste Pr\u00fcftechnik sowie regelm\u00e4\u00dfige Schulungen sind wir f\u00fcr [&hellip;]","og_url":"https:\/\/kfz-service-ffb.de\/","og_site_name":"Kreuzer &amp; Klaus KFZ-Service","article_modified_time":"2020-03-06T15:43:52+00:00","og_image":[{"url":"http:\/\/kfz-service-ffb.de\/wp-content\/uploads\/2020\/02\/startseitenbild.jpg","type":"","width":"","height":""}],"twitter_card":"summary_large_image","twitter_misc":{"Gesch\u00e4tzte Lesezeit":"1\u00a0Minute"},"schema":{"@context":"https:\/\/schema.org","@graph":[{"@type":"WebPage","@id":"https:\/\/kfz-service-ffb.de\/","url":"https:\/\/kfz-service-ffb.de\/","name":"Kreuzer & Klaus Kfz-Service - Kreuzer &amp; Klaus KFZ-Service","isPartOf":{"@id":"https:\/\/kfz-service-ffb.de\/#website"},"primaryImageOfPage":{"@id":"https:\/\/kfz-service-ffb.de\/#primaryimage"},"image":{"@id":"https:\/\/kfz-service-ffb.de\/#primaryimage"},"thumbnailUrl":"http:\/\/kfz-service-ffb.de\/wp-content\/uploads\/2020\/02\/startseitenbild.jpg","datePublished":"2020-02-28T14:52:41+00:00","dateModified":"2020-03-06T15:43:52+00:00","breadcrumb":{"@id":"https:\/\/kfz-service-ffb.de\/#breadcrumb"},"inLanguage":"de","potentialAction":[{"@type":"ReadAction","target":["https:\/\/kfz-service-ffb.de\/"]}]},{"@type":"ImageObject","inLanguage":"de","@id":"https:\/\/kfz-service-ffb.de\/#primaryimage","url":"https:\/\/kfz-service-ffb.de\/wp-content\/uploads\/2020\/02\/startseitenbild.jpg","contentUrl":"https:\/\/kfz-service-ffb.de\/wp-content\/uploads\/2020\/02\/startseitenbild.jpg","width":2500,"height":500},{"@type":"BreadcrumbList","@id":"https:\/\/kfz-service-ffb.de\/#breadcrumb","itemListElement":[{"@type":"ListItem","position":1,"name":"Startseite","item":"https:\/\/kfz-service-ffb.de\/"},{"@type":"ListItem","position":2,"name":"Kreuzer &#038; Klaus Kfz-Service"}]},{"@type":"WebSite","@id":"https:\/\/kfz-service-ffb.de\/#website","url":"https:\/\/kfz-service-ffb.de\/","name":"Kreuzer &amp; Klaus KFZ-Service","description":"Reparatur und Service f\u00fcr alle Auto Marken","publisher":{"@id":"https:\/\/kfz-service-ffb.de\/#organization"},"potentialAction":[{"@type":"SearchAction","target":{"@type":"EntryPoint","urlTemplate":"https:\/\/kfz-service-ffb.de\/?s={search_term_string}"},"query-input":{"@type":"PropertyValueSpecification","valueRequired":true,"valueName":"search_term_string"}}],"inLanguage":"de"},{"@type":"Organization","@id":"https:\/\/kfz-service-ffb.de\/#organization","name":"Kreuzer & Klaus Kfz-Service","url":"https:\/\/kfz-service-ffb.de\/","logo":{"@type":"ImageObject","inLanguage":"de","@id":"https:\/\/kfz-service-ffb.de\/#\/schema\/logo\/image\/","url":"https:\/\/kfz-service-ffb.de\/wp-content\/uploads\/2020\/02\/KK-logo-blau-rot_250.jpg","contentUrl":"https:\/\/kfz-service-ffb.de\/wp-content\/uploads\/2020\/02\/KK-logo-blau-rot_250.jpg","width":250,"height":115,"caption":"Kreuzer & Klaus Kfz-Service"},"image":{"@id":"https:\/\/kfz-service-ffb.de\/#\/schema\/logo\/image\/"}}]}},"_links":{"self":[{"href":"https:\/\/kfz-service-ffb.de\/index.php?rest_route=\/wp\/v2\/pages\/8","targetHints":{"allow":["GET"]}}],"collection":[{"href":"https:\/\/kfz-service-ffb.de\/index.php?rest_route=\/wp\/v2\/pages"}],"about":[{"href":"https:\/\/kfz-service-ffb.de\/index.php?rest_route=\/wp\/v2\/types\/page"}],"author":[{"embeddable":true,"href":"https:\/\/kfz-service-ffb.de\/index.php?rest_route=\/wp\/v2\/users\/1"}],"replies":[{"embeddable":true,"href":"https:\/\/kfz-service-ffb.de\/index.php?rest_route=%2Fwp%2Fv2%2Fcomments&post=8"}],"version-history":[{"count":26,"href":"https:\/\/kfz-service-ffb.de\/index.php?rest_route=\/wp\/v2\/pages\/8\/revisions"}],"predecessor-version":[{"id":176,"href":"https:\/\/kfz-service-ffb.de\/index.php?rest_route=\/wp\/v2\/pages\/8\/revisions\/176"}],"wp:attachment":[{"href":"https:\/\/kfz-service-ffb.de\/index.php?rest_route=%2Fwp%2Fv2%2Fmedia&parent=8"}],"curies":[{"name":"wp","href":"https:\/\/api.w.org\/{rel}","templated":true}]}}